{"id":620,"date":"2020-01-07T22:20:48","date_gmt":"2020-01-08T01:20:48","guid":{"rendered":"https:\/\/tikugu.wordpress.com\/?page_id=620"},"modified":"2020-01-07T22:20:48","modified_gmt":"2020-01-08T01:20:48","slug":"home","status":"publish","type":"page","link":"https:\/\/blog.sabatui.online\/?page_id=620","title":{"rendered":"Home"},"content":{"rendered":"\n<div class=\"wp-block-group alignfull has-background-light-background-color has-background\"><div class=\"wp-block-group__inner-container is-layout-flow wp-block-group-is-layout-flow\">\n<h1 class=\"wp-block-heading has-secondary-color has-text-color\">Okinawa<\/h1>\n\n\n\n<div class=\"wp-block-columns is-layout-flex wp-container-core-columns-is-layout-9d6595d7 wp-block-columns-is-layout-flex\">\n<div class=\"wp-block-column is-layout-flow wp-block-column-is-layout-flow\" style=\"flex-basis:92%\">\n<p class=\"has-text-color\" style=\"color:#000000\">Terra que possui uma rica cultura que se desenvolveu a partir de sua rela\u00e7\u00e3o com a China, Jap\u00e3o e o sudeste asi\u00e1tico. <\/p>\n\n\n\n<p class=\"has-text-color\" style=\"color:#000000\">Minha paix\u00e3o come\u00e7ou no ensino m\u00e9dio, quando li um romance escrito em japon\u00eas chamado \u7409\u7403\u4e09\u56fd\u5fd7 (Ryukyu Sangokushi), que conta a hist\u00f3ria da unifica\u00e7\u00e3o dos tr\u00eas reinos de Ryukyu por Sho Hashi.<\/p>\n\n\n\n<p class=\"has-text-color\" style=\"color:#000000\">At\u00e9 ent\u00e3o, estava sedento por livros que falassem sobre Ryukyu\/Okinawa. J\u00e1 havia lido sobre a hist\u00f3ria do Jap\u00e3o e pouco havia sobre este maravilhoso lugar.<\/p>\n\n\n\n<p class=\"has-text-color\" style=\"color:#000000\">Foi a partir da\u00ed que come\u00e7ou minha trajet\u00f3ria para conhecer sobre a hist\u00f3ria de Ryukyu\/Okinawa.<\/p>\n<\/div>\n\n\n\n<div class=\"wp-block-column is-layout-flow wp-block-column-is-layout-flow\" style=\"flex-basis:8%\"><\/div>\n<\/div>\n<\/div><\/div>\n\n\n\n<div class=\"wp-block-cover alignfull is-light\"><span aria-hidden=\"true\" class=\"wp-block-cover__background has-background-dim-0 has-background-dim\"><\/span><img decoding=\"async\" class=\"wp-block-cover__image-background wp-image-169\" src=\"https:\/\/tikugu.files.wordpress.com\/2020\/01\/2f31e-p1010091.jpg\" style=\"object-position:38% 41%\" data-object-fit=\"cover\" data-object-position=\"38% 41%\" \/><div class=\"wp-block-cover__inner-container is-layout-flow wp-block-cover-is-layout-flow\">\n<p class=\"has-text-align-center has-large-font-size\">Uma hist\u00f3ria distinta at\u00e9 sua anexa\u00e7\u00e3o em 1879<\/p>\n<\/div><\/div>\n\n\n\n<div class=\"wp-block-group alignfull has-secondary-background-color has-background\"><div class=\"wp-block-group__inner-container is-layout-flow wp-block-group-is-layout-flow\">\n<div style=\"height:32px\" aria-hidden=\"true\" class=\"wp-block-spacer\"><\/div>\n\n\n\n<div class=\"wp-block-columns has-2-columns is-layout-flex wp-container-core-columns-is-layout-9d6595d7 wp-block-columns-is-layout-flex\">\n<div class=\"wp-block-column is-layout-flow wp-block-column-is-layout-flow\" style=\"flex-basis:20%\">\n<figure class=\"wp-block-image size-large is-resized\"><img decoding=\"async\" src=\"https:\/\/stratforddemo.files.wordpress.com\/2019\/08\/icon-implementation-support-1.png\" alt=\"\" class=\"wp-image-115\" style=\"width:150px;height:150px\" \/><\/figure>\n<\/div>\n\n\n\n<div class=\"wp-block-column is-layout-flow wp-block-column-is-layout-flow\" style=\"flex-basis:80%\">\n<h3 class=\"wp-block-heading margin-bottom-half\">Consulta individual<\/h3>\n\n\n\n<p class=\"margin-top-half has-background-color has-text-color has-small-font-size\">Consulta individualizada sobre a hist\u00f3ria de Okinawa e assist\u00eancia para leitura e pesquisa de material hist\u00f3rico dos okinawanos.<\/p>\n<\/div>\n<\/div>\n\n\n\n<div class=\"wp-block-columns has-2-columns is-layout-flex wp-container-core-columns-is-layout-9d6595d7 wp-block-columns-is-layout-flex\">\n<div class=\"wp-block-column is-layout-flow wp-block-column-is-layout-flow\" style=\"flex-basis:20%\">\n<figure class=\"wp-block-image size-large is-resized\"><img decoding=\"async\" src=\"https:\/\/stratforddemo.files.wordpress.com\/2019\/08\/icon-build-digital-experiences-1.png\" alt=\"\" class=\"wp-image-116\" style=\"width:150px;height:150px\" \/><\/figure>\n<\/div>\n\n\n\n<div class=\"wp-block-column is-layout-flow wp-block-column-is-layout-flow\" style=\"flex-basis:80%\">\n<h3 class=\"wp-block-heading margin-bottom-half\">Produ\u00e7\u00e3o de material<\/h3>\n\n\n\n<p class=\"margin-top-half has-background-color has-text-color has-small-font-size\">Produ\u00e7\u00e3o de material informativo sobre a cultura de Okinawa.<\/p>\n<\/div>\n<\/div>\n<\/div><\/div>\n\n\n\n<div class=\"wp-block-group alignfull\"><div class=\"wp-block-group__inner-container is-layout-flow wp-block-group-is-layout-flow\">\n<h2 class=\"wp-block-heading\">Uma paix\u00e3o, uma escolha.<\/h2>\n<\/div><\/div>\n\n\n\n<div class=\"wp-block-cover alignfull is-light has-parallax\"><span aria-hidden=\"true\" class=\"wp-block-cover__background has-background-dim-0 has-background-dim\"><\/span><div role=\"img\" class=\"wp-block-cover__image-background wp-image-118 has-parallax\" style=\"background-position:50% 50%;background-image:url(https:\/\/tikugu.files.wordpress.com\/2020\/01\/bf3f4-p1010050.jpg)\"><\/div><div class=\"wp-block-cover__inner-container is-layout-flow wp-block-cover-is-layout-flow\">\n<p class=\"has-text-align-center has-large-font-size\">Venha conhecer a sua hist\u00f3ria<\/p>\n<\/div><\/div>\n\n\n\n<div class=\"wp-block-group alignfull\"><div class=\"wp-block-group__inner-container is-layout-flow wp-block-group-is-layout-flow\">\n<h2 class=\"wp-block-heading has-text-align-left\">Registros gen\u00e9ricos<\/h2>\n\n\n\n<p>Manterei tamb\u00e9m um registro de acontecimentos e materiais que estiver estudando.<\/p>\n<\/div><\/div>\n\n\n\n<div class=\"wp-block-cover alignfull is-light\"><span aria-hidden=\"true\" class=\"wp-block-cover__background has-foreground-dark-background-color has-background-dim-80 has-background-dim\"><\/span><img decoding=\"async\" class=\"wp-block-cover__image-background wp-image-452\" src=\"https:\/\/tikugu.files.wordpress.com\/2020\/01\/5a3ea-p7140191.jpg\" data-object-fit=\"cover\" \/><div class=\"wp-block-cover__inner-container is-layout-flow wp-block-cover-is-layout-flow\">\n<div class=\"wp-block-columns has-3-columns is-layout-flex wp-container-core-columns-is-layout-9d6595d7 wp-block-columns-is-layout-flex\">\n<div class=\"wp-block-column is-layout-flow wp-block-column-is-layout-flow\" style=\"flex-basis:29%\">\n<h5 class=\"wp-block-heading\">Sobre o site<\/h5>\n\n\n\n<p>Um espa\u00e7o para tratar sobre temas relacionados a Okinawa e um registro das minhas atividades.<\/p>\n<\/div>\n\n\n\n<div class=\"wp-block-column is-layout-flow wp-block-column-is-layout-flow\" style=\"flex-basis:29%\">\n<h5 class=\"wp-block-heading\">\u00daltimos artigos<\/h5>\n\n\n<ul class=\"wp-block-latest-posts__list has-dates wp-block-latest-posts\"><li><a class=\"wp-block-latest-posts__post-title\" href=\"https:\/\/blog.sabatui.online\/?p=709\">\u7409\u7403\u306e\u30dc\u30fc\u30c9\u30b2\u30fc\u30e0<\/a><time datetime=\"2025-01-06T06:51:09+09:00\" class=\"wp-block-latest-posts__post-date\">2025\u5e741\u67086\u65e5<\/time><\/li>\n<li><a class=\"wp-block-latest-posts__post-title\" href=\"https:\/\/blog.sabatui.online\/?p=704\">\u9032\u5b66\uff1f<\/a><time datetime=\"2024-03-17T18:12:32+09:00\" class=\"wp-block-latest-posts__post-date\">2024\u5e743\u670817\u65e5<\/time><\/li>\n<li><a class=\"wp-block-latest-posts__post-title\" href=\"https:\/\/blog.sabatui.online\/?p=706&#038;lang=pt\">Seguindo com os estudos?<\/a><time datetime=\"2024-03-17T18:12:14+09:00\" class=\"wp-block-latest-posts__post-date\">2024\u5e743\u670817\u65e5<\/time><\/li>\n<\/ul><\/div>\n\n\n\n<div class=\"wp-block-column is-layout-flow wp-block-column-is-layout-flow\" style=\"flex-basis:42%\">\n<h5 class=\"wp-block-heading\">Contato<\/h5>\n\n\n\n<div class=\"wp-block-jetpack-contact-info\">\n<div class=\"wp-block-jetpack-email\"><a href=\"mailto:akihide.shiroma@gmail.com\">akihide.shiroma@gmail.com<\/a><\/div>\n<\/div>\n<\/div>\n<\/div>\n\n\n\n<p><\/p>\n<\/div><\/div>\n\n\n\n<p><\/p>\n","protected":false},"excerpt":{"rendered":"<p>Okinawa Terra que possui uma rica cultura que se desenvolveu a partir de sua rela\u00e7\u00e3o com a China, Jap\u00e3o e o su &hellip; <a href=\"https:\/\/blog.sabatui.online\/?page_id=620\" class=\"more-link\">\u7d9a\u304d\u3092\u8aad\u3080 <span class=\"screen-reader-text\">Home<\/span> <span class=\"meta-nav\">&rarr;<\/span><\/a><\/p>\n","protected":false},"author":1,"featured_media":0,"parent":0,"menu_order":0,"comment_status":"closed","ping_status":"closed","template":"","meta":{"footnotes":""},"class_list":["post-620","page","type-page","status-publish","hentry"],"_links":{"self":[{"href":"https:\/\/blog.sabatui.online\/index.php?rest_route=\/wp\/v2\/pages\/620","targetHints":{"allow":["GET"]}}],"collection":[{"href":"https:\/\/blog.sabatui.online\/index.php?rest_route=\/wp\/v2\/pages"}],"about":[{"href":"https:\/\/blog.sabatui.online\/index.php?rest_route=\/wp\/v2\/types\/page"}],"author":[{"embeddable":true,"href":"https:\/\/blog.sabatui.online\/index.php?rest_route=\/wp\/v2\/users\/1"}],"replies":[{"embeddable":true,"href":"https:\/\/blog.sabatui.online\/index.php?rest_route=%2Fwp%2Fv2%2Fcomments&post=620"}],"version-history":[{"count":0,"href":"https:\/\/blog.sabatui.online\/index.php?rest_route=\/wp\/v2\/pages\/620\/revisions"}],"wp:attachment":[{"href":"https:\/\/blog.sabatui.online\/index.php?rest_route=%2Fwp%2Fv2%2Fmedia&parent=620"}],"curies":[{"name":"wp","href":"https:\/\/api.w.org\/{rel}","templated":true}]}}